{"id":10,"date":"2020-10-09T12:10:13","date_gmt":"2020-10-09T12:10:13","guid":{"rendered":"https:\/\/qi15.qodeinteractive.com\/?page_id=10"},"modified":"2025-07-08T12:07:26","modified_gmt":"2025-07-08T12:07:26","slug":"products-and-shop","status":"publish","type":"page","link":"https:\/\/miniactivity.ch\/de\/products-and-shop\/","title":{"rendered":"Produkte &amp; Shop"},"content":{"rendered":"<div data-elementor-type=\"wp-page\" data-elementor-id=\"10\" class=\"elementor elementor-10\">\n\t\t\t\t\t\t<section class=\"elementor-section elementor-top-section elementor-element elementor-element-c16d98f qodef-elementor-content-grid elementor-section-boxed elementor-section-height-default elementor-section-height-default\" data-id=\"c16d98f\" data-element_type=\"section\" data-e-type=\"section\">\n\t\t\t\t\t\t<div class=\"elementor-container elementor-column-gap-default\">\n\t\t\t\t\t<div class=\"elementor-column elementor-col-50 elementor-top-column elementor-element elementor-element-59232cb qodef-sticky-column--no\" data-id=\"59232cb\" data-element_type=\"column\" data-e-type=\"column\">\n\t\t\t<div class=\"elementor-widget-wrap elementor-element-populated\">\n\t\t\t\t\t\t<div class=\"elementor-element elementor-element-5f21cdb elementor-widget elementor-widget-image\" data-id=\"5f21cdb\" data-element_type=\"widget\" data-e-type=\"widget\" data-widget_type=\"image.default\">\n\t\t\t\t<div class=\"elementor-widget-container\">\n\t\t\t\t\t\t\t\t\t\t\t\t\t\t\t<img fetchpriority=\"high\" decoding=\"async\" width=\"1200\" height=\"1800\" src=\"https:\/\/miniactivity.ch\/wp-content\/uploads\/2025\/03\/Karten-1005128-2.jpg\" class=\"attachment-full size-full wp-image-1357\" alt=\"\" srcset=\"https:\/\/miniactivity.ch\/wp-content\/uploads\/2025\/03\/Karten-1005128-2.jpg 1200w, https:\/\/miniactivity.ch\/wp-content\/uploads\/2025\/03\/Karten-1005128-2-200x300.jpg 200w, https:\/\/miniactivity.ch\/wp-content\/uploads\/2025\/03\/Karten-1005128-2-683x1024.jpg 683w, https:\/\/miniactivity.ch\/wp-content\/uploads\/2025\/03\/Karten-1005128-2-768x1152.jpg 768w, https:\/\/miniactivity.ch\/wp-content\/uploads\/2025\/03\/Karten-1005128-2-1024x1536.jpg 1024w, https:\/\/miniactivity.ch\/wp-content\/uploads\/2025\/03\/Karten-1005128-2-8x12.jpg 8w\" sizes=\"(max-width: 1200px) 100vw, 1200px\" \/>\t\t\t\t\t\t\t\t\t\t\t\t\t\t\t<\/div>\n\t\t\t\t<\/div>\n\t\t\t\t\t<\/div>\n\t\t<\/div>\n\t\t\t\t<div class=\"elementor-column elementor-col-50 elementor-top-column elementor-element elementor-element-0d059f0 qodef-sticky-column--no\" data-id=\"0d059f0\" data-element_type=\"column\" data-e-type=\"column\">\n\t\t\t<div class=\"elementor-widget-wrap elementor-element-populated\">\n\t\t\t\t\t\t<div class=\"elementor-element elementor-element-47b9340 elementor-widget elementor-widget-qi_addons_for_elementor_section_title\" data-id=\"47b9340\" data-element_type=\"widget\" data-e-type=\"widget\" data-widget_type=\"qi_addons_for_elementor_section_title.default\">\n\t\t\t\t<div class=\"elementor-widget-container\">\n\t\t\t\t\t<div class=\"qodef-shortcode qodef-m qodef-qi-section-title qodef-decoration--italic qodef-link--underline-draw qodef-subtitle-icon--left\">\n\t\t\t<h1 class=\"qodef-m-title\">\n\t\tMini-Aktivit\u00e4ten Karten\t<\/h1>\n\t\t\t\t\t\t<\/div>\n\t\t\t\t<\/div>\n\t\t\t\t<\/div>\n\t\t\t\t<div class=\"elementor-element elementor-element-7d6fbf0 elementor-widget elementor-widget-qi_addons_for_elementor_section_title\" data-id=\"7d6fbf0\" data-element_type=\"widget\" data-e-type=\"widget\" data-widget_type=\"qi_addons_for_elementor_section_title.default\">\n\t\t\t\t<div class=\"elementor-widget-container\">\n\t\t\t\t\t<div class=\"qodef-shortcode qodef-m qodef-qi-section-title qodef-decoration--italic qodef-link--underline-draw qodef-subtitle-icon--left\">\n\t\t\t\t\t\t<h3 class=\"qodef-m-title\">\n\t\tBeschreibung\t<\/h3>\n\t\t\t<div class=\"qodef-m-text\"><p>Entdecken Sie die <strong>Mini-Aktivit\u00e4ten Karten<\/strong> \u2013 Ihr praktisches Tool f\u00fcr mehr Resilienz f\u00f6rdernde Aktivit\u00e4ten im Alltag! Jede Karte bietet eine kurze, wirkungsvolle Aktivit\u00e4t, die Sie im Handumdrehen von \u201eein wenig besser\u201c bis \u201egro\u00dfartig\u201c f\u00fchlen l\u00e4sst.<\/p><p>Die Aktivit\u00e4ten sind in drei Bereiche unterteilt:<\/p><p><strong>Soziale Aktivit\u00e4ten:<\/strong> Kn\u00fcpfen Sie positive Kontakte, \u00fcben Sie Freundlichkeit und sp\u00fcren Sie einen unmittelbaren Schub an Gl\u00fcckshormonen.<\/p><p><strong>Mentale Aktivit\u00e4ten:<\/strong> Unterbrechen Sie Gedankenkreisen und richten Sie Ihre Aufmerksamkeit bewusst auf die sch\u00f6nen Momente des Augenblicks.<\/p><p><strong>Physische Aktivit\u00e4ten:<\/strong> Nutzen Sie Ihren K\u00f6rper, um angestaute Emotionen abzubauen, Balance zu finden und zu entspannen.<\/p><\/div>\n\t<\/div>\n\t\t\t\t<\/div>\n\t\t\t\t<\/div>\n\t\t\t\t<div class=\"elementor-element elementor-element-c7ae66e elementor-widget elementor-widget-qi_addons_for_elementor_section_title\" data-id=\"c7ae66e\" data-element_type=\"widget\" data-e-type=\"widget\" data-widget_type=\"qi_addons_for_elementor_section_title.default\">\n\t\t\t\t<div class=\"elementor-widget-container\">\n\t\t\t\t\t<div class=\"qodef-shortcode qodef-m qodef-qi-section-title qodef-decoration--italic qodef-link--underline-draw qodef-subtitle-icon--left\">\n\t\t\t\t\t\t<h3 class=\"qodef-m-title\">\n\t\tProduktdetails\t<\/h3>\n\t\t\t<div class=\"qodef-m-text\"><p>Verf\u00fcgbare Sprachen: Deutsch, Englisch, Franz\u00f6sisch, Italienisch, Niederl\u00e4ndisch, Spanisch<\/p><p>\u00dcber <strong>100 Aktivit\u00e4ten Karten<\/strong> in einer handlichen Box \u2013 ideal zum Durchbl\u00e4ttern und Mitnehmen<\/p><p>Kartenformat: A7 (74 x 105 mm)<\/p><p>Boxgr\u00f6\u00dfe: ca. 80 x 115 x 65 mm*<\/p><p><em>* Die Gr\u00f6\u00dfenangaben k\u00f6nnen sich bei Produktupdates leicht \u00e4ndern.<\/em><\/p><\/div>\n\t<\/div>\n\t\t\t\t<\/div>\n\t\t\t\t<\/div>\n\t\t\t\t<div class=\"elementor-element elementor-element-10e3ac2 elementor-widget elementor-widget-button\" data-id=\"10e3ac2\" data-element_type=\"widget\" data-e-type=\"widget\" data-widget_type=\"button.default\">\n\t\t\t\t<div class=\"elementor-widget-container\">\n\t\t\t\t\t\t\t\t\t<div class=\"elementor-button-wrapper\">\n\t\t\t\t\t<a class=\"elementor-button elementor-button-link elementor-size-sm\" href=\"https:\/\/www.popcornweiterbildung.ch\/shop\/mini-aktivitaetenansatz\">\n\t\t\t\t\t\t<span class=\"elementor-button-content-wrapper\">\n\t\t\t\t\t\t\t\t\t<span class=\"elementor-button-text\">Jetzt Kaufen<\/span>\n\t\t\t\t\t<\/span>\n\t\t\t\t\t<\/a>\n\t\t\t\t<\/div>\n\t\t\t\t\t\t\t\t<\/div>\n\t\t\t\t<\/div>\n\t\t\t\t\t<\/div>\n\t\t<\/div>\n\t\t\t\t\t<\/div>\n\t\t<\/section>\n\t\t\t\t<\/div>","protected":false},"excerpt":{"rendered":"<p>Mini-Activity Cards Description The Mini-Activity cards were developed to provide engaging and easy activities that make you feel anything from a little better to extraordinarily great in no time at all. The activities are grouped into three areas: Social activities encourage you to connect to others in a positive way and practice kindness, giving you [&hellip;]<\/p>\n","protected":false},"author":1,"featured_media":0,"parent":0,"menu_order":0,"comment_status":"closed","ping_status":"closed","template":"qi-full-width.php","meta":{"nf_dc_page":"","content-type":"","footnotes":""},"class_list":["post-10","page","type-page","status-publish","hentry"],"yoast_head":"<!-- This site is optimized with the Yoast SEO plugin v27.4 - https:\/\/yoast.com\/product\/yoast-seo-wordpress\/ -->\n<title>Products &amp; Shop - Mini Activtiy Approach<\/title>\n<meta name=\"robots\" content=\"index, follow, max-snippet:-1, max-image-preview:large, max-video-preview:-1\" \/>\n<link rel=\"canonical\" href=\"https:\/\/miniactivity.ch\/de\/products-and-shop\/\" \/>\n<meta property=\"og:locale\" content=\"de_DE\" \/>\n<meta property=\"og:type\" content=\"article\" \/>\n<meta property=\"og:title\" content=\"Products &amp; Shop - Mini Activtiy Approach\" \/>\n<meta property=\"og:description\" content=\"Mini-Activity Cards Description The Mini-Activity cards were developed to provide engaging and easy activities that make you feel anything from a little better to extraordinarily great in no time at all. The activities are grouped into three areas: Social activities encourage you to connect to others in a positive way and practice kindness, giving you [&hellip;]\" \/>\n<meta property=\"og:url\" content=\"https:\/\/miniactivity.ch\/de\/products-and-shop\/\" \/>\n<meta property=\"og:site_name\" content=\"Mini Activtiy Approach\" \/>\n<meta property=\"article:modified_time\" content=\"2025-07-08T12:07:26+00:00\" \/>\n<meta property=\"og:image\" content=\"https:\/\/miniactivity.ch\/wp-content\/uploads\/2025\/03\/Karten-1005128-2.jpg\" \/>\n\t<meta property=\"og:image:width\" content=\"1200\" \/>\n\t<meta property=\"og:image:height\" content=\"1800\" \/>\n\t<meta property=\"og:image:type\" content=\"image\/jpeg\" \/>\n<meta name=\"twitter:card\" content=\"summary_large_image\" \/>\n<meta name=\"twitter:label1\" content=\"Gesch\u00e4tzte Lesezeit\" \/>\n\t<meta name=\"twitter:data1\" content=\"3\u00a0Minuten\" \/>\n<script type=\"application\/ld+json\" class=\"yoast-schema-graph\">{\"@context\":\"https:\\\/\\\/schema.org\",\"@graph\":[{\"@type\":\"WebPage\",\"@id\":\"https:\\\/\\\/miniactivity.ch\\\/products-and-shop\\\/\",\"url\":\"https:\\\/\\\/miniactivity.ch\\\/products-and-shop\\\/\",\"name\":\"Products & Shop - Mini Activtiy Approach\",\"isPartOf\":{\"@id\":\"https:\\\/\\\/miniactivity.ch\\\/#website\"},\"primaryImageOfPage\":{\"@id\":\"https:\\\/\\\/miniactivity.ch\\\/products-and-shop\\\/#primaryimage\"},\"image\":{\"@id\":\"https:\\\/\\\/miniactivity.ch\\\/products-and-shop\\\/#primaryimage\"},\"thumbnailUrl\":\"https:\\\/\\\/miniactivity.ch\\\/wp-content\\\/uploads\\\/2025\\\/03\\\/Karten-1005128-2.jpg\",\"datePublished\":\"2020-10-09T12:10:13+00:00\",\"dateModified\":\"2025-07-08T12:07:26+00:00\",\"breadcrumb\":{\"@id\":\"https:\\\/\\\/miniactivity.ch\\\/products-and-shop\\\/#breadcrumb\"},\"inLanguage\":\"de-CH\",\"potentialAction\":[{\"@type\":\"ReadAction\",\"target\":[\"https:\\\/\\\/miniactivity.ch\\\/products-and-shop\\\/\"]}]},{\"@type\":\"ImageObject\",\"inLanguage\":\"de-CH\",\"@id\":\"https:\\\/\\\/miniactivity.ch\\\/products-and-shop\\\/#primaryimage\",\"url\":\"https:\\\/\\\/miniactivity.ch\\\/wp-content\\\/uploads\\\/2025\\\/03\\\/Karten-1005128-2.jpg\",\"contentUrl\":\"https:\\\/\\\/miniactivity.ch\\\/wp-content\\\/uploads\\\/2025\\\/03\\\/Karten-1005128-2.jpg\"},{\"@type\":\"BreadcrumbList\",\"@id\":\"https:\\\/\\\/miniactivity.ch\\\/products-and-shop\\\/#breadcrumb\",\"itemListElement\":[{\"@type\":\"ListItem\",\"position\":1,\"name\":\"Home\",\"item\":\"https:\\\/\\\/miniactivity.ch\\\/\"},{\"@type\":\"ListItem\",\"position\":2,\"name\":\"Products &#038; Shop\"}]},{\"@type\":\"WebSite\",\"@id\":\"https:\\\/\\\/miniactivity.ch\\\/#website\",\"url\":\"https:\\\/\\\/miniactivity.ch\\\/\",\"name\":\"Mini Activtiy Approach\",\"description\":\"\",\"potentialAction\":[{\"@type\":\"SearchAction\",\"target\":{\"@type\":\"EntryPoint\",\"urlTemplate\":\"https:\\\/\\\/miniactivity.ch\\\/?s={search_term_string}\"},\"query-input\":{\"@type\":\"PropertyValueSpecification\",\"valueRequired\":true,\"valueName\":\"search_term_string\"}}],\"inLanguage\":\"de-CH\"}]}<\/script>\n<!-- \/ Yoast SEO plugin. -->","yoast_head_json":{"title":"Products & Shop - Mini Activtiy Approach","robots":{"index":"index","follow":"follow","max-snippet":"max-snippet:-1","max-image-preview":"max-image-preview:large","max-video-preview":"max-video-preview:-1"},"canonical":"https:\/\/miniactivity.ch\/de\/products-and-shop\/","og_locale":"de_DE","og_type":"article","og_title":"Products & Shop - Mini Activtiy Approach","og_description":"Mini-Activity Cards Description The Mini-Activity cards were developed to provide engaging and easy activities that make you feel anything from a little better to extraordinarily great in no time at all. The activities are grouped into three areas: Social activities encourage you to connect to others in a positive way and practice kindness, giving you [&hellip;]","og_url":"https:\/\/miniactivity.ch\/de\/products-and-shop\/","og_site_name":"Mini Activtiy Approach","article_modified_time":"2025-07-08T12:07:26+00:00","og_image":[{"width":1200,"height":1800,"url":"https:\/\/miniactivity.ch\/wp-content\/uploads\/2025\/03\/Karten-1005128-2.jpg","type":"image\/jpeg"}],"twitter_card":"summary_large_image","twitter_misc":{"Gesch\u00e4tzte Lesezeit":"3\u00a0Minuten"},"schema":{"@context":"https:\/\/schema.org","@graph":[{"@type":"WebPage","@id":"https:\/\/miniactivity.ch\/products-and-shop\/","url":"https:\/\/miniactivity.ch\/products-and-shop\/","name":"Products & Shop - Mini Activtiy Approach","isPartOf":{"@id":"https:\/\/miniactivity.ch\/#website"},"primaryImageOfPage":{"@id":"https:\/\/miniactivity.ch\/products-and-shop\/#primaryimage"},"image":{"@id":"https:\/\/miniactivity.ch\/products-and-shop\/#primaryimage"},"thumbnailUrl":"https:\/\/miniactivity.ch\/wp-content\/uploads\/2025\/03\/Karten-1005128-2.jpg","datePublished":"2020-10-09T12:10:13+00:00","dateModified":"2025-07-08T12:07:26+00:00","breadcrumb":{"@id":"https:\/\/miniactivity.ch\/products-and-shop\/#breadcrumb"},"inLanguage":"de-CH","potentialAction":[{"@type":"ReadAction","target":["https:\/\/miniactivity.ch\/products-and-shop\/"]}]},{"@type":"ImageObject","inLanguage":"de-CH","@id":"https:\/\/miniactivity.ch\/products-and-shop\/#primaryimage","url":"https:\/\/miniactivity.ch\/wp-content\/uploads\/2025\/03\/Karten-1005128-2.jpg","contentUrl":"https:\/\/miniactivity.ch\/wp-content\/uploads\/2025\/03\/Karten-1005128-2.jpg"},{"@type":"BreadcrumbList","@id":"https:\/\/miniactivity.ch\/products-and-shop\/#breadcrumb","itemListElement":[{"@type":"ListItem","position":1,"name":"Home","item":"https:\/\/miniactivity.ch\/"},{"@type":"ListItem","position":2,"name":"Products &#038; Shop"}]},{"@type":"WebSite","@id":"https:\/\/miniactivity.ch\/#website","url":"https:\/\/miniactivity.ch\/","name":"Mini Aktivit\u00e4ten Ansatz","description":"","potentialAction":[{"@type":"SearchAction","target":{"@type":"EntryPoint","urlTemplate":"https:\/\/miniactivity.ch\/?s={search_term_string}"},"query-input":{"@type":"PropertyValueSpecification","valueRequired":true,"valueName":"search_term_string"}}],"inLanguage":"de-CH"}]}},"_links":{"self":[{"href":"https:\/\/miniactivity.ch\/de\/wp-json\/wp\/v2\/pages\/10","targetHints":{"allow":["GET"]}}],"collection":[{"href":"https:\/\/miniactivity.ch\/de\/wp-json\/wp\/v2\/pages"}],"about":[{"href":"https:\/\/miniactivity.ch\/de\/wp-json\/wp\/v2\/types\/page"}],"author":[{"embeddable":true,"href":"https:\/\/miniactivity.ch\/de\/wp-json\/wp\/v2\/users\/1"}],"replies":[{"embeddable":true,"href":"https:\/\/miniactivity.ch\/de\/wp-json\/wp\/v2\/comments?post=10"}],"version-history":[{"count":20,"href":"https:\/\/miniactivity.ch\/de\/wp-json\/wp\/v2\/pages\/10\/revisions"}],"predecessor-version":[{"id":1465,"href":"https:\/\/miniactivity.ch\/de\/wp-json\/wp\/v2\/pages\/10\/revisions\/1465"}],"wp:attachment":[{"href":"https:\/\/miniactivity.ch\/de\/wp-json\/wp\/v2\/media?parent=10"}],"curies":[{"name":"wp","href":"https:\/\/api.w.org\/{rel}","templated":true}]}}