{"id":8,"date":"2020-10-09T12:09:53","date_gmt":"2020-10-09T12:09:53","guid":{"rendered":"https:\/\/qi15.qodeinteractive.com\/?page_id=8"},"modified":"2025-07-08T12:21:06","modified_gmt":"2025-07-08T12:21:06","slug":"courses","status":"publish","type":"page","link":"https:\/\/miniactivity.ch\/de\/courses\/","title":{"rendered":"Kurse"},"content":{"rendered":"<div data-elementor-type=\"wp-page\" data-elementor-id=\"8\" class=\"elementor elementor-8\">\n\t\t\t\t\t\t<section class=\"elementor-section elementor-top-section elementor-element elementor-element-a631ed9 qodef-elementor-content-grid elementor-section-boxed elementor-section-height-default elementor-section-height-default\" data-id=\"a631ed9\" data-element_type=\"section\" data-e-type=\"section\">\n\t\t\t\t\t\t<div class=\"elementor-container elementor-column-gap-default\">\n\t\t\t\t\t<div class=\"elementor-column elementor-col-50 elementor-top-column elementor-element elementor-element-a51fc03 qodef-sticky-column--no\" data-id=\"a51fc03\" data-element_type=\"column\" data-e-type=\"column\">\n\t\t\t<div class=\"elementor-widget-wrap elementor-element-populated\">\n\t\t\t\t\t\t<div class=\"elementor-element elementor-element-65f86bc elementor-widget elementor-widget-qi_addons_for_elementor_section_title\" data-id=\"65f86bc\" data-element_type=\"widget\" data-e-type=\"widget\" data-widget_type=\"qi_addons_for_elementor_section_title.default\">\n\t\t\t\t<div class=\"elementor-widget-container\">\n\t\t\t\t\t<div class=\"qodef-shortcode qodef-m qodef-qi-section-title qodef-decoration--italic qodef-link--underline-draw qodef-subtitle-icon--left\">\n\t\t\t<h1 class=\"qodef-m-title\">\n\t\tMini-Aktivit\u00e4ten Kurs\t<\/h1>\n\t\t\t\t<h4 class=\"qodef-m-subtitle\">\n\t\tSind Sie Ergotherapeut:in, Pflegefachkraft oder Coach und m\u00f6chten die Resilienz Ihrer Klient:innen st\u00e4rken? Dann ist unser Mini-Aktivit\u00e4ten Kurs genau das Richtige f\u00fcr Sie! \t\t\t<\/h4>\n\t\t\t<div class=\"qodef-m-text\"><p>Was tut gut? Vielleicht haben Sie sich diese Frage schon einmal gestellt. Gerade nach Verletzungen, bei Krankheit oder in belastenden Situationen kann es schwer sein, herauszufinden, was einem guttut.<\/p><p class=\"\">In der ersten H\u00e4lfte des Workshops vertiefen wir das Thema Resilienz, st\u00fctzen uns auf Erkenntnisse aus der positiven Psychologie und erkl\u00e4ren die biochemischen Grundlagen, auf denen der Mini-Aktivit\u00e4ten-Ansatz (MAA) entwickelt wurde.<\/p><p class=\"\">In der zweiten H\u00e4lfte liegt der Fokus auf praktischem \u00dcben und Anwenden des MAA \u2013 mit konkreten Mini-Aktivit\u00e4ten, die sofort erlebbar sind.<\/p><p class=\"\">Dieser Workshop ist darauf ausgelegt, die Teilnehmenden zu inspirieren und zu bef\u00e4higen, den MAA in ihrer Praxis anzuwenden. Ein freudvoller, best\u00e4rkender Tag, der Resilienz f\u00f6rdert \u2013 f\u00fcr alle Beteiligten. \ud83d\ude42<\/p><\/div>\n\t<\/div>\n\t\t\t\t<\/div>\n\t\t\t\t<\/div>\n\t\t\t\t\t<\/div>\n\t\t<\/div>\n\t\t\t\t<div class=\"elementor-column elementor-col-50 elementor-top-column elementor-element elementor-element-6f2f78a qodef-sticky-column--no\" data-id=\"6f2f78a\" data-element_type=\"column\" data-e-type=\"column\">\n\t\t\t<div class=\"elementor-widget-wrap elementor-element-populated\">\n\t\t\t\t\t\t<div class=\"elementor-element elementor-element-f523de4 elementor-widget elementor-widget-image\" data-id=\"f523de4\" data-element_type=\"widget\" data-e-type=\"widget\" data-widget_type=\"image.default\">\n\t\t\t\t<div class=\"elementor-widget-container\">\n\t\t\t\t\t\t\t\t\t\t\t\t\t\t\t<img fetchpriority=\"high\" decoding=\"async\" width=\"1453\" height=\"1082\" src=\"https:\/\/miniactivity.ch\/wp-content\/uploads\/2025\/07\/Unbenannt-e1751977208329.jpg\" class=\"attachment-full size-full wp-image-1475\" alt=\"\" srcset=\"https:\/\/miniactivity.ch\/wp-content\/uploads\/2025\/07\/Unbenannt-e1751977208329.jpg 1453w, https:\/\/miniactivity.ch\/wp-content\/uploads\/2025\/07\/Unbenannt-e1751977208329-300x223.jpg 300w, https:\/\/miniactivity.ch\/wp-content\/uploads\/2025\/07\/Unbenannt-e1751977208329-1024x763.jpg 1024w, https:\/\/miniactivity.ch\/wp-content\/uploads\/2025\/07\/Unbenannt-e1751977208329-768x572.jpg 768w, https:\/\/miniactivity.ch\/wp-content\/uploads\/2025\/07\/Unbenannt-e1751977208329-16x12.jpg 16w\" sizes=\"(max-width: 1453px) 100vw, 1453px\" \/>\t\t\t\t\t\t\t\t\t\t\t\t\t\t\t<\/div>\n\t\t\t\t<\/div>\n\t\t\t\t\t<\/div>\n\t\t<\/div>\n\t\t\t\t\t<\/div>\n\t\t<\/section>\n\t\t\t\t<section class=\"elementor-section elementor-top-section elementor-element elementor-element-1bcf2f8 qodef-elementor-content-grid elementor-section-boxed elementor-section-height-default elementor-section-height-default\" data-id=\"1bcf2f8\" data-element_type=\"section\" data-e-type=\"section\">\n\t\t\t\t\t\t<div class=\"elementor-container elementor-column-gap-default\">\n\t\t\t\t\t<div class=\"elementor-column elementor-col-50 elementor-top-column elementor-element elementor-element-32c63bb qodef-sticky-column--no\" data-id=\"32c63bb\" data-element_type=\"column\" data-e-type=\"column\" data-settings=\"{&quot;background_background&quot;:&quot;classic&quot;}\">\n\t\t\t<div class=\"elementor-widget-wrap elementor-element-populated\">\n\t\t\t\t\t\t\t<\/div>\n\t\t<\/div>\n\t\t\t\t<div class=\"elementor-column elementor-col-50 elementor-top-column elementor-element elementor-element-08e769d qodef-sticky-column--no\" data-id=\"08e769d\" data-element_type=\"column\" data-e-type=\"column\" data-settings=\"{&quot;background_background&quot;:&quot;classic&quot;}\">\n\t\t\t<div class=\"elementor-widget-wrap elementor-element-populated\">\n\t\t\t\t\t\t<div class=\"elementor-element elementor-element-607c5ac elementor-widget elementor-widget-text-editor\" data-id=\"607c5ac\" data-element_type=\"widget\" data-e-type=\"widget\" data-widget_type=\"text-editor.default\">\n\t\t\t\t<div class=\"elementor-widget-container\">\n\t\t\t\t\t\t\t\t\t<h1>Kurs Buchen<\/h1>\t\t\t\t\t\t\t\t<\/div>\n\t\t\t\t<\/div>\n\t\t\t\t<div class=\"elementor-element elementor-element-cb37ffb elementor-widget elementor-widget-text-editor\" data-id=\"cb37ffb\" data-element_type=\"widget\" data-e-type=\"widget\" data-widget_type=\"text-editor.default\">\n\t\t\t\t<div class=\"elementor-widget-container\">\n\t\t\t\t\t\t\t\t\t<p>Die Kurse finden regelm\u00e4\u00dfig in Z\u00fcrich, Schweiz statt. F\u00fcr Informationen zu weiteren Kursen an anderen Standorten oder in anderen Sprachen kontaktieren Sie uns bitte.<\/p>\t\t\t\t\t\t\t\t<\/div>\n\t\t\t\t<\/div>\n\t\t\t\t<div class=\"elementor-element elementor-element-536d171 elementor-widget elementor-widget-button\" data-id=\"536d171\" data-element_type=\"widget\" data-e-type=\"widget\" data-widget_type=\"button.default\">\n\t\t\t\t<div class=\"elementor-widget-container\">\n\t\t\t\t\t\t\t\t\t<div class=\"elementor-button-wrapper\">\n\t\t\t\t\t<a class=\"elementor-button elementor-button-link elementor-size-sm\" href=\"https:\/\/www.popcornweiterbildung.ch\/kurse\/mini-aktivitaet-resilienz\">\n\t\t\t\t\t\t<span class=\"elementor-button-content-wrapper\">\n\t\t\t\t\t\t\t\t\t<span class=\"elementor-button-text\">Jetzt Buchen<\/span>\n\t\t\t\t\t<\/span>\n\t\t\t\t\t<\/a>\n\t\t\t\t<\/div>\n\t\t\t\t\t\t\t\t<\/div>\n\t\t\t\t<\/div>\n\t\t\t\t\t<\/div>\n\t\t<\/div>\n\t\t\t\t\t<\/div>\n\t\t<\/section>\n\t\t\t\t<\/div>","protected":false},"excerpt":{"rendered":"<p>Mini-Activity Course If you&#8217;re an occupational therapist, health care worker, or coach interested in building resilience in your clients try our Mini-Activity course! What helps us feel better? You may have asked yourself this question before. It can be difficult to know what makes you feel better, especially if you have suffered injury, you&#8217;re experiencing [&hellip;]<\/p>\n","protected":false},"author":1,"featured_media":0,"parent":0,"menu_order":0,"comment_status":"closed","ping_status":"closed","template":"qi-full-width.php","meta":{"nf_dc_page":"","content-type":"","footnotes":""},"class_list":["post-8","page","type-page","status-publish","hentry"],"yoast_head":"<!-- This site is optimized with the Yoast SEO plugin v27.4 - https:\/\/yoast.com\/product\/yoast-seo-wordpress\/ -->\n<title>Courses - Mini Activtiy Approach<\/title>\n<meta name=\"robots\" content=\"index, follow, max-snippet:-1, max-image-preview:large, max-video-preview:-1\" \/>\n<link rel=\"canonical\" href=\"https:\/\/miniactivity.ch\/de\/courses\/\" \/>\n<meta property=\"og:locale\" content=\"de_DE\" \/>\n<meta property=\"og:type\" content=\"article\" \/>\n<meta property=\"og:title\" content=\"Courses - Mini Activtiy Approach\" \/>\n<meta property=\"og:description\" content=\"Mini-Activity Course If you&#8217;re an occupational therapist, health care worker, or coach interested in building resilience in your clients try our Mini-Activity course! What helps us feel better? You may have asked yourself this question before. It can be difficult to know what makes you feel better, especially if you have suffered injury, you&#8217;re experiencing [&hellip;]\" \/>\n<meta property=\"og:url\" content=\"https:\/\/miniactivity.ch\/de\/courses\/\" \/>\n<meta property=\"og:site_name\" content=\"Mini Activtiy Approach\" \/>\n<meta property=\"article:modified_time\" content=\"2025-07-08T12:21:06+00:00\" \/>\n<meta property=\"og:image\" content=\"https:\/\/miniactivity.ch\/wp-content\/uploads\/2025\/07\/Unbenannt-e1751977208329.jpg\" \/>\n\t<meta property=\"og:image:width\" content=\"1453\" \/>\n\t<meta property=\"og:image:height\" content=\"1082\" \/>\n\t<meta property=\"og:image:type\" content=\"image\/jpeg\" \/>\n<meta name=\"twitter:card\" content=\"summary_large_image\" \/>\n<meta name=\"twitter:label1\" content=\"Gesch\u00e4tzte Lesezeit\" \/>\n\t<meta name=\"twitter:data1\" content=\"1\u00a0Minute\" \/>\n<script type=\"application\/ld+json\" class=\"yoast-schema-graph\">{\"@context\":\"https:\\\/\\\/schema.org\",\"@graph\":[{\"@type\":\"WebPage\",\"@id\":\"https:\\\/\\\/miniactivity.ch\\\/courses\\\/\",\"url\":\"https:\\\/\\\/miniactivity.ch\\\/courses\\\/\",\"name\":\"Courses - Mini Activtiy Approach\",\"isPartOf\":{\"@id\":\"https:\\\/\\\/miniactivity.ch\\\/#website\"},\"primaryImageOfPage\":{\"@id\":\"https:\\\/\\\/miniactivity.ch\\\/courses\\\/#primaryimage\"},\"image\":{\"@id\":\"https:\\\/\\\/miniactivity.ch\\\/courses\\\/#primaryimage\"},\"thumbnailUrl\":\"https:\\\/\\\/miniactivity.ch\\\/wp-content\\\/uploads\\\/2025\\\/07\\\/Unbenannt-e1751977208329.jpg\",\"datePublished\":\"2020-10-09T12:09:53+00:00\",\"dateModified\":\"2025-07-08T12:21:06+00:00\",\"breadcrumb\":{\"@id\":\"https:\\\/\\\/miniactivity.ch\\\/courses\\\/#breadcrumb\"},\"inLanguage\":\"de-CH\",\"potentialAction\":[{\"@type\":\"ReadAction\",\"target\":[\"https:\\\/\\\/miniactivity.ch\\\/courses\\\/\"]}]},{\"@type\":\"ImageObject\",\"inLanguage\":\"de-CH\",\"@id\":\"https:\\\/\\\/miniactivity.ch\\\/courses\\\/#primaryimage\",\"url\":\"https:\\\/\\\/miniactivity.ch\\\/wp-content\\\/uploads\\\/2025\\\/07\\\/Unbenannt-e1751977208329.jpg\",\"contentUrl\":\"https:\\\/\\\/miniactivity.ch\\\/wp-content\\\/uploads\\\/2025\\\/07\\\/Unbenannt-e1751977208329.jpg\"},{\"@type\":\"BreadcrumbList\",\"@id\":\"https:\\\/\\\/miniactivity.ch\\\/courses\\\/#breadcrumb\",\"itemListElement\":[{\"@type\":\"ListItem\",\"position\":1,\"name\":\"Home\",\"item\":\"https:\\\/\\\/miniactivity.ch\\\/\"},{\"@type\":\"ListItem\",\"position\":2,\"name\":\"Courses\"}]},{\"@type\":\"WebSite\",\"@id\":\"https:\\\/\\\/miniactivity.ch\\\/#website\",\"url\":\"https:\\\/\\\/miniactivity.ch\\\/\",\"name\":\"Mini Activtiy Approach\",\"description\":\"\",\"potentialAction\":[{\"@type\":\"SearchAction\",\"target\":{\"@type\":\"EntryPoint\",\"urlTemplate\":\"https:\\\/\\\/miniactivity.ch\\\/?s={search_term_string}\"},\"query-input\":{\"@type\":\"PropertyValueSpecification\",\"valueRequired\":true,\"valueName\":\"search_term_string\"}}],\"inLanguage\":\"de-CH\"}]}<\/script>\n<!-- \/ Yoast SEO plugin. -->","yoast_head_json":{"title":"Courses - Mini Activtiy Approach","robots":{"index":"index","follow":"follow","max-snippet":"max-snippet:-1","max-image-preview":"max-image-preview:large","max-video-preview":"max-video-preview:-1"},"canonical":"https:\/\/miniactivity.ch\/de\/courses\/","og_locale":"de_DE","og_type":"article","og_title":"Courses - Mini Activtiy Approach","og_description":"Mini-Activity Course If you&#8217;re an occupational therapist, health care worker, or coach interested in building resilience in your clients try our Mini-Activity course! What helps us feel better? You may have asked yourself this question before. It can be difficult to know what makes you feel better, especially if you have suffered injury, you&#8217;re experiencing [&hellip;]","og_url":"https:\/\/miniactivity.ch\/de\/courses\/","og_site_name":"Mini Activtiy Approach","article_modified_time":"2025-07-08T12:21:06+00:00","og_image":[{"width":1453,"height":1082,"url":"https:\/\/miniactivity.ch\/wp-content\/uploads\/2025\/07\/Unbenannt-e1751977208329.jpg","type":"image\/jpeg"}],"twitter_card":"summary_large_image","twitter_misc":{"Gesch\u00e4tzte Lesezeit":"1\u00a0Minute"},"schema":{"@context":"https:\/\/schema.org","@graph":[{"@type":"WebPage","@id":"https:\/\/miniactivity.ch\/courses\/","url":"https:\/\/miniactivity.ch\/courses\/","name":"Courses - Mini Activtiy Approach","isPartOf":{"@id":"https:\/\/miniactivity.ch\/#website"},"primaryImageOfPage":{"@id":"https:\/\/miniactivity.ch\/courses\/#primaryimage"},"image":{"@id":"https:\/\/miniactivity.ch\/courses\/#primaryimage"},"thumbnailUrl":"https:\/\/miniactivity.ch\/wp-content\/uploads\/2025\/07\/Unbenannt-e1751977208329.jpg","datePublished":"2020-10-09T12:09:53+00:00","dateModified":"2025-07-08T12:21:06+00:00","breadcrumb":{"@id":"https:\/\/miniactivity.ch\/courses\/#breadcrumb"},"inLanguage":"de-CH","potentialAction":[{"@type":"ReadAction","target":["https:\/\/miniactivity.ch\/courses\/"]}]},{"@type":"ImageObject","inLanguage":"de-CH","@id":"https:\/\/miniactivity.ch\/courses\/#primaryimage","url":"https:\/\/miniactivity.ch\/wp-content\/uploads\/2025\/07\/Unbenannt-e1751977208329.jpg","contentUrl":"https:\/\/miniactivity.ch\/wp-content\/uploads\/2025\/07\/Unbenannt-e1751977208329.jpg"},{"@type":"BreadcrumbList","@id":"https:\/\/miniactivity.ch\/courses\/#breadcrumb","itemListElement":[{"@type":"ListItem","position":1,"name":"Home","item":"https:\/\/miniactivity.ch\/"},{"@type":"ListItem","position":2,"name":"Courses"}]},{"@type":"WebSite","@id":"https:\/\/miniactivity.ch\/#website","url":"https:\/\/miniactivity.ch\/","name":"Mini Aktivit\u00e4ten Ansatz","description":"","potentialAction":[{"@type":"SearchAction","target":{"@type":"EntryPoint","urlTemplate":"https:\/\/miniactivity.ch\/?s={search_term_string}"},"query-input":{"@type":"PropertyValueSpecification","valueRequired":true,"valueName":"search_term_string"}}],"inLanguage":"de-CH"}]}},"_links":{"self":[{"href":"https:\/\/miniactivity.ch\/de\/wp-json\/wp\/v2\/pages\/8","targetHints":{"allow":["GET"]}}],"collection":[{"href":"https:\/\/miniactivity.ch\/de\/wp-json\/wp\/v2\/pages"}],"about":[{"href":"https:\/\/miniactivity.ch\/de\/wp-json\/wp\/v2\/types\/page"}],"author":[{"embeddable":true,"href":"https:\/\/miniactivity.ch\/de\/wp-json\/wp\/v2\/users\/1"}],"replies":[{"embeddable":true,"href":"https:\/\/miniactivity.ch\/de\/wp-json\/wp\/v2\/comments?post=8"}],"version-history":[{"count":20,"href":"https:\/\/miniactivity.ch\/de\/wp-json\/wp\/v2\/pages\/8\/revisions"}],"predecessor-version":[{"id":1478,"href":"https:\/\/miniactivity.ch\/de\/wp-json\/wp\/v2\/pages\/8\/revisions\/1478"}],"wp:attachment":[{"href":"https:\/\/miniactivity.ch\/de\/wp-json\/wp\/v2\/media?parent=8"}],"curies":[{"name":"wp","href":"https:\/\/api.w.org\/{rel}","templated":true}]}}